{"id":3,"date":"2026-01-21T07:46:27","date_gmt":"2026-01-21T07:46:27","guid":{"rendered":"http:\/\/testsystem.meisel-webdesign.de\/rs\/?page_id=3"},"modified":"2026-02-02T12:54:04","modified_gmt":"2026-02-02T11:54:04","slug":"datenschutz","status":"publish","type":"page","link":"https:\/\/testsystem.meisel-webdesign.de\/rs\/datenschutz\/","title":{"rendered":"Datenschutz"},"content":{"rendered":"<p>Nach Ma\u00dfgabe des Art.&nbsp;<a href=\"https:\/\/dejure.org\/gesetze\/DSGVO\/13.html\">13<\/a>&nbsp;DSGVO teilen wir Ihnen die Rechtsgrundlagen unserer Datenverarbeitungen mit. Sofern die Rechtsgrundlage in der Datenschutzerkl\u00e4rung nicht genannt wird, gilt Folgendes: Die Rechtsgrundlage f\u00fcr die Einholung von Einwilligungen ist Art. 6 Abs. 1 lit. a und Art.&nbsp;<a href=\"https:\/\/dejure.org\/gesetze\/DSGVO\/7.html\">7<\/a>&nbsp;DSGVO, die Rechtsgrundlage f\u00fcr die Verarbeitung zur Erf\u00fcllung unserer Leistungen und Durchf\u00fchrung vertraglicher Ma\u00dfnahmen sowie Beantwortung von Anfragen ist Art.&nbsp;<a href=\"https:\/\/dejure.org\/gesetze\/DSGVO\/6.html\">6<\/a>&nbsp;Abs. 1 lit. b DSGVO, die Rechtsgrundlage f\u00fcr die Verarbeitung zur Erf\u00fcllung unserer rechtlichen Verpflichtungen ist Art.&nbsp;<a href=\"https:\/\/dejure.org\/gesetze\/DSGVO\/6.html\">6<\/a>&nbsp;Abs. 1 lit. c DSGVO, und die Rechtsgrundlage f\u00fcr die Verarbeitung zur Wahrung unserer berechtigten Interessen ist Art.&nbsp;<a href=\"https:\/\/dejure.org\/gesetze\/DSGVO\/6.html\">6<\/a>&nbsp;Abs. 1 lit. f DSGVO. F\u00fcr den Fall, dass lebenswichtige Interessen der betroffenen Person oder einer anderen nat\u00fcrlichen Person eine Verarbeitung personenbezogener Daten erforderlich machen, dient Art.&nbsp;<a href=\"https:\/\/dejure.org\/gesetze\/DSGVO\/6.html\">6<\/a>&nbsp;Abs. 1 lit. d DSGVO als Rechtsgrundlage.<\/p>\n<p>Die folgenden Hinweise geben einen \u00dcberblick dar\u00fcber, was auf r-s-architekten.com mit Ihren personenbezogenen Daten passiert, wenn Sie unsere Website besuchen. Wir kl\u00e4ren auf, was Ihre Rechte in Bezug auf diese Daten sind, wie, wann und zu welchem Zweck wir diese erheben und wie wir damit umgehen.<\/p>\n<p>Personenbezogene Daten sind alle Daten, mit denen Sie pers\u00f6nlich identifiziert werden k\u00f6nnen. Wenn Sie diese Seite benutzen, werden in einem f\u00fcr den Betrieb notwendigen, aber m\u00f6glichst geringen Umfang personenbezogene Daten erhoben (dies sind: IP-Adressen). Wir behandeln diese Daten vertraulich entsprechend der gesetzlichen Datenschutzvorschriften sowie dieser Datenschutzerkl\u00e4rung.<\/p>\n<p>Wir m\u00f6chten darauf hinweisen, dass die Daten\u00fcbertragung im Internet (z.B. bei der Kommunikation per E-Mail) Sicherheitsl\u00fccken aufweisen kann. Ein l\u00fcckenloser Schutz der Daten vor dem Zugriff durch Dritte ist nicht m\u00f6glich.<\/p>\n<h3>Ansprechpartner<\/h3>\n<h4>Verantwortliche Stelle<\/h4>\n<p>Die \u201eVerantwortliche Stelle\u201c ist die nat\u00fcrliche oder juristische Person, die allein oder gemeinsam mit anderen \u00fcber die Zwecke und Mittel der Verarbeitung von personenbezogenen Daten entscheidet. Sie ist Ihr Ansprechpartner f\u00fcr alle Fragen rund um die Wahrnehmung Ihrer Rechte. Die verantwortliche Stelle f\u00fcr diese Seite ist:<\/p>\n<p>RS Architekten<\/p>\n<p>vertreten durch:<br \/>\nSusanne Sturm, Dipl.-Ing., Freie Architektin, BDA<br \/>\nDaniel Rozynski, Dipl.-Ing. Freier Architekt, BDA<\/p>\n<p><a href=\"mailto:info@r-s-architekten.com\">info@r-s-architekten.com<\/a><\/p>\n<p>Schwedter Stra\u00dfe 34a, 10435 Berlin<br \/>\nTel. +49 (30) 3010 484 -11 \/-12<\/p>\n<h3>Welche Rechte haben Sie bez\u00fcglich Ihrer Daten?<\/h3>\n<h4>Recht auf Auskunft<\/h4>\n<p>Sie haben jederzeit das Recht, unentgeltlich Auskunft \u00fcber Herkunft, Empf\u00e4nger und Zweck Ihrer gespeicherten personenbezogenen Daten zu erhalten.<\/p>\n<h4>Recht auf Daten\u00fcbertragbarkeit<\/h4>\n<p>Sie haben das Recht, Daten, die wir auf Grundlage Ihrer Einwilligung automatisiert verarbeiten, an sich selbst oder an einen Dritten in einem g\u00e4ngigen, maschinenlesbaren Format aush\u00e4ndigen zu lassen. Sofern Sie die direkte \u00dcbertragung der Daten an einen anderen Verantwortlichen verlangen, erfolgt dies nur, wenn es technisch machbar ist.<\/p>\n<h4>Recht auf Berichtigung, Sperrung und L\u00f6schung<\/h4>\n<p>Sie haben au\u00dferdem ein Recht, die Berichtigung, Sperrung oder L\u00f6schung Ihrer Daten zu verlangen. Wenden Sie sich dazu bitte an die verantwortliche Stelle. Eine etwaige L\u00f6schung umfasst nicht die Daten, die wir aufgrund administrativer, rechtlicher oder sicherheitsrelevanter Notwendigkeiten aufzubewahren verpflichtet sind.<\/p>\n<h4>Widerrufsrecht<\/h4>\n<p>Viele Datenverarbeitungsvorg\u00e4nge sind nur mit Ihrer ausdr\u00fccklichen Einwilligung m\u00f6glich. Sie k\u00f6nnen eine bereits erteilte Einwilligung aber jederzeit widerrufen. Dazu reicht eine formlose Mitteilung per E-Mail an die verantwortliche Stelle. Die Rechtm\u00e4\u00dfigkeit der bis zum Widerruf erfolgten Datenverarbeitung bleibt vom Widerruf unber\u00fchrt.<\/p>\n<h4>Beschwerderecht bei der zust\u00e4ndigen Aufsichtsbeh\u00f6rde<\/h4>\n<p>Im Falle datenschutzrechtlicher Verst\u00f6\u00dfe steht Ihnen ein Beschwerderecht bei der zust\u00e4ndigen Aufsichtsbeh\u00f6rde zu. Zust\u00e4ndige Aufsichtsbeh\u00f6rde in datenschutzrechtlichen Fragen ist der Landesdatenschutzbeauftragte des Bundeslandes, in dem unser Unternehmen seinen Sitz hat. Eine Liste der Datenschutzbeauftragten sowie deren Kontaktdaten k\u00f6nnen folgendem Link entnommen werden:&nbsp;<a href=\"https:\/\/www.bfdi.bund.de\/DE\/Infothek\/Anschriften_Links\/anschriften_links-node.html\">https:\/\/www.bfdi.bund.de\/DE\/Infothek\/Anschriften_Links\/anschriften_links-node.html<\/a>.<\/p>\n<h3>Details zur Datenerfassung und -handhabung<\/h3>\n<h4>Automatisch erhobene Daten<\/h4>\n<p>Der Webspace-Provider von r-s-architekten.com (Host Europe GmbH ,&nbsp;Hansestrasse 111 ,&nbsp;51149 K\u00f6ln) erhebt und speichert Informationen, die Ihr Browser automatisch \u00fcbermittelt, in so genannten Server-Log-Dateien. Dies sind:<\/p>\n<ul>\n<li>Browsertyp und Browserversion<\/li>\n<li>verwendetes Betriebssystem<\/li>\n<li>Referrer URL<\/li>\n<li>Hostname des zugreifenden Rechners<\/li>\n<li>Uhrzeit der Serveranfrage<\/li>\n<li>Anonymisierte IP-Adresse<\/li>\n<\/ul>\n<p>Hieraus k\u00f6nnen Statistiken \u00fcber das Nutzerverhalten generiert werden, soweit die Datenbasis es zul\u00e4sst. Eine Zusammenf\u00fchrung dieser Daten mit weiteren Datenquellen wird nicht vorgenommen. Grundlage f\u00fcr die Datenverarbeitung ist Art. 6 Abs. 1 lit. f DSGVO, der die Verarbeitung von Daten zur Erf\u00fcllung eines Vertrags oder vorvertraglicher Ma\u00dfnahmen gestattet.<\/p>\n<h4>Verschl\u00fcsselte \u00dcbertragung von aktiv bereitgestellten Daten<\/h4>\n<p>Auf dieser Seite werden an keiner Stelle von Ihnen selbst aktiv bereitgestellte Daten \u00fcbertragen. Eine SSL- bzw. TLS-Verschl\u00fcsselung ist daher nicht notwendig.<\/p>\n<h4>Cookies<\/h4>\n<p>Diese Seite verwendet keine Cookies.<\/p>\n<h4>Nutzung von Diensten Dritter<\/h4>\n<p>F\u00fcr die Darstellung dieser Seite werden keine Dienste von Drittanbietern eingesetzt.<\/p>\n<h4>Einbindung von Inhalten Dritter<\/h4>\n<p>Beitr\u00e4ge auf dieser Website k\u00f6nnen eingebettete Inhalte beinhalten (z. B. Videos, Bilder, Beitr\u00e4ge, Infografiken etc.). Eingebettete Inhalte von anderen Websites verhalten sich exakt so, als ob der Besucher die andere Website besucht h\u00e4tte. Diese Websites k\u00f6nnen Daten \u00fcber Sie sammeln, Cookies benutzen, zus\u00e4tzliche Tracking-Dienste von Dritten einbetten und Ihre Interaktion mit diesem eingebetteten Inhalt aufzeichnen, inklusive der Interaktion mit dem eingebetteten Inhalt, falls Sie ein Konto haben und auf dieser Website angemeldet sind.<\/p>\n<h4>Sicherheitsma\u00dfnahmen<\/h4>\n<p>Wir treffen nach Ma\u00dfgabe des Art.&nbsp;<a href=\"https:\/\/dejure.org\/gesetze\/DSGVO\/32.html\">32<\/a>&nbsp;DSGVO unter Ber\u00fccksichtigung des Stands der Technik, der Implementierungskosten und der Art, des Umfangs, der Umst\u00e4nde und der Zwecke der Verarbeitung sowie der unterschiedlichen Eintrittswahrscheinlichkeit und Schwere des Risikos f\u00fcr die Rechte und Freiheiten nat\u00fcrlicher Personen, geeignete technische und organisatorische Ma\u00dfnahmen, um ein dem Risiko angemessenes Schutzniveau zu gew\u00e4hrleisten.<\/p>\n<p>Zu den Ma\u00dfnahmen geh\u00f6ren insbesondere die Sicherung der Vertraulichkeit, Integrit\u00e4t und Verf\u00fcgbarkeit von Daten durch Kontrolle des physischen Zugangs zu den Daten, als auch des sie betreffenden Zugriffs, der Eingabe, Weitergabe, der Sicherung der Verf\u00fcgbarkeit und ihrer Trennung. Des Weiteren haben wir Verfahren eingerichtet, die eine Wahrnehmung von Betroffenenrechten, L\u00f6schung von Daten und Reaktion auf Gef\u00e4hrdung der Daten gew\u00e4hrleisten. Ferner ber\u00fccksichtigen wir den Schutz personenbezogener Daten bereits bei der Entwicklung, bzw. Auswahl von Hardware, Software sowie Verfahren, entsprechend dem Prinzip des Datenschutzes durch Technikgestaltung und durch datenschutzfreundliche Voreinstellungen (Art.&nbsp;<a href=\"https:\/\/dejure.org\/gesetze\/DSGVO\/25.html\">25<\/a>&nbsp;DSGVO).<\/p>\n","protected":false},"excerpt":{"rendered":"<p>Nach Ma\u00dfgabe des Art.&nbsp;13&nbsp;DSGVO teilen wir Ihnen die Rechtsgrundlagen unserer Datenverarbeitungen mit. Sofern die Rechtsgrundlage in der Datenschutzerkl\u00e4rung nicht genannt wird, gilt Folgendes: Die Rechtsgrundlage f\u00fcr die Einholung von Einwilligungen ist Art. 6 Abs. 1 lit. a und Art.&nbsp;7&nbsp;DSGVO, die Rechtsgrundlage f\u00fcr die Verarbeitung zur Erf\u00fcllung unserer Leistungen und Durchf\u00fchrung vertraglicher Ma\u00dfnahmen sowie Beantwortung von [&hellip;]<\/p>\n","protected":false},"author":1,"featured_media":0,"parent":0,"menu_order":5,"comment_status":"closed","ping_status":"closed","template":"","meta":{"_acf_changed":false,"footnotes":""},"class_list":["post-3","page","type-page","status-publish","hentry"],"acf":[],"yoast_head":"<!-- This site is optimized with the Yoast SEO plugin v27.4 - https:\/\/yoast.com\/product\/yoast-seo-wordpress\/ -->\n<title>Datenschutz - Rozynski Sturm Architekten<\/title>\n<meta name=\"robots\" content=\"index, follow, max-snippet:-1, max-image-preview:large, max-video-preview:-1\" \/>\n<link rel=\"canonical\" href=\"https:\/\/testsystem.meisel-webdesign.de\/rs\/datenschutz\/\" \/>\n<meta property=\"og:locale\" content=\"de_DE\" \/>\n<meta property=\"og:type\" content=\"article\" \/>\n<meta property=\"og:title\" content=\"Datenschutz - Rozynski Sturm Architekten\" \/>\n<meta property=\"og:description\" content=\"Nach Ma\u00dfgabe des Art.&nbsp;13&nbsp;DSGVO teilen wir Ihnen die Rechtsgrundlagen unserer Datenverarbeitungen mit. Sofern die Rechtsgrundlage in der Datenschutzerkl\u00e4rung nicht genannt wird, gilt Folgendes: Die Rechtsgrundlage f\u00fcr die Einholung von Einwilligungen ist Art. 6 Abs. 1 lit. a und Art.&nbsp;7&nbsp;DSGVO, die Rechtsgrundlage f\u00fcr die Verarbeitung zur Erf\u00fcllung unserer Leistungen und Durchf\u00fchrung vertraglicher Ma\u00dfnahmen sowie Beantwortung von [&hellip;]\" \/>\n<meta property=\"og:url\" content=\"https:\/\/testsystem.meisel-webdesign.de\/rs\/datenschutz\/\" \/>\n<meta property=\"og:site_name\" content=\"Rozynski Sturm Architekten\" \/>\n<meta property=\"article:modified_time\" content=\"2026-02-02T11:54:04+00:00\" \/>\n<meta name=\"twitter:card\" content=\"summary_large_image\" \/>\n<meta name=\"twitter:label1\" content=\"Gesch\u00e4tzte Lesezeit\" \/>\n\t<meta name=\"twitter:data1\" content=\"5\u00a0Minuten\" \/>\n<script type=\"application\/ld+json\" class=\"yoast-schema-graph\">{\"@context\":\"https:\\\/\\\/schema.org\",\"@graph\":[{\"@type\":\"WebPage\",\"@id\":\"https:\\\/\\\/testsystem.meisel-webdesign.de\\\/rs\\\/datenschutz\\\/\",\"url\":\"https:\\\/\\\/testsystem.meisel-webdesign.de\\\/rs\\\/datenschutz\\\/\",\"name\":\"Datenschutz - Rozynski Sturm Architekten\",\"isPartOf\":{\"@id\":\"https:\\\/\\\/testsystem.meisel-webdesign.de\\\/rs\\\/#website\"},\"datePublished\":\"2026-01-21T07:46:27+00:00\",\"dateModified\":\"2026-02-02T11:54:04+00:00\",\"breadcrumb\":{\"@id\":\"https:\\\/\\\/testsystem.meisel-webdesign.de\\\/rs\\\/datenschutz\\\/#breadcrumb\"},\"inLanguage\":\"de\",\"potentialAction\":[{\"@type\":\"ReadAction\",\"target\":[\"https:\\\/\\\/testsystem.meisel-webdesign.de\\\/rs\\\/datenschutz\\\/\"]}]},{\"@type\":\"BreadcrumbList\",\"@id\":\"https:\\\/\\\/testsystem.meisel-webdesign.de\\\/rs\\\/datenschutz\\\/#breadcrumb\",\"itemListElement\":[{\"@type\":\"ListItem\",\"position\":1,\"name\":\"Start\",\"item\":\"https:\\\/\\\/testsystem.meisel-webdesign.de\\\/rs\\\/\"},{\"@type\":\"ListItem\",\"position\":2,\"name\":\"Datenschutz\"}]},{\"@type\":\"WebSite\",\"@id\":\"https:\\\/\\\/testsystem.meisel-webdesign.de\\\/rs\\\/#website\",\"url\":\"https:\\\/\\\/testsystem.meisel-webdesign.de\\\/rs\\\/\",\"name\":\"Rozynski Sturm Architekten\",\"description\":\"\",\"potentialAction\":[{\"@type\":\"SearchAction\",\"target\":{\"@type\":\"EntryPoint\",\"urlTemplate\":\"https:\\\/\\\/testsystem.meisel-webdesign.de\\\/rs\\\/?s={search_term_string}\"},\"query-input\":{\"@type\":\"PropertyValueSpecification\",\"valueRequired\":true,\"valueName\":\"search_term_string\"}}],\"inLanguage\":\"de\"}]}<\/script>\n<!-- \/ Yoast SEO plugin. -->","yoast_head_json":{"title":"Datenschutz - Rozynski Sturm Architekten","robots":{"index":"index","follow":"follow","max-snippet":"max-snippet:-1","max-image-preview":"max-image-preview:large","max-video-preview":"max-video-preview:-1"},"canonical":"https:\/\/testsystem.meisel-webdesign.de\/rs\/datenschutz\/","og_locale":"de_DE","og_type":"article","og_title":"Datenschutz - Rozynski Sturm Architekten","og_description":"Nach Ma\u00dfgabe des Art.&nbsp;13&nbsp;DSGVO teilen wir Ihnen die Rechtsgrundlagen unserer Datenverarbeitungen mit. Sofern die Rechtsgrundlage in der Datenschutzerkl\u00e4rung nicht genannt wird, gilt Folgendes: Die Rechtsgrundlage f\u00fcr die Einholung von Einwilligungen ist Art. 6 Abs. 1 lit. a und Art.&nbsp;7&nbsp;DSGVO, die Rechtsgrundlage f\u00fcr die Verarbeitung zur Erf\u00fcllung unserer Leistungen und Durchf\u00fchrung vertraglicher Ma\u00dfnahmen sowie Beantwortung von [&hellip;]","og_url":"https:\/\/testsystem.meisel-webdesign.de\/rs\/datenschutz\/","og_site_name":"Rozynski Sturm Architekten","article_modified_time":"2026-02-02T11:54:04+00:00","twitter_card":"summary_large_image","twitter_misc":{"Gesch\u00e4tzte Lesezeit":"5\u00a0Minuten"},"schema":{"@context":"https:\/\/schema.org","@graph":[{"@type":"WebPage","@id":"https:\/\/testsystem.meisel-webdesign.de\/rs\/datenschutz\/","url":"https:\/\/testsystem.meisel-webdesign.de\/rs\/datenschutz\/","name":"Datenschutz - Rozynski Sturm Architekten","isPartOf":{"@id":"https:\/\/testsystem.meisel-webdesign.de\/rs\/#website"},"datePublished":"2026-01-21T07:46:27+00:00","dateModified":"2026-02-02T11:54:04+00:00","breadcrumb":{"@id":"https:\/\/testsystem.meisel-webdesign.de\/rs\/datenschutz\/#breadcrumb"},"inLanguage":"de","potentialAction":[{"@type":"ReadAction","target":["https:\/\/testsystem.meisel-webdesign.de\/rs\/datenschutz\/"]}]},{"@type":"BreadcrumbList","@id":"https:\/\/testsystem.meisel-webdesign.de\/rs\/datenschutz\/#breadcrumb","itemListElement":[{"@type":"ListItem","position":1,"name":"Start","item":"https:\/\/testsystem.meisel-webdesign.de\/rs\/"},{"@type":"ListItem","position":2,"name":"Datenschutz"}]},{"@type":"WebSite","@id":"https:\/\/testsystem.meisel-webdesign.de\/rs\/#website","url":"https:\/\/testsystem.meisel-webdesign.de\/rs\/","name":"Rozynski Sturm Architekten","description":"","potentialAction":[{"@type":"SearchAction","target":{"@type":"EntryPoint","urlTemplate":"https:\/\/testsystem.meisel-webdesign.de\/rs\/?s={search_term_string}"},"query-input":{"@type":"PropertyValueSpecification","valueRequired":true,"valueName":"search_term_string"}}],"inLanguage":"de"}]}},"_links":{"self":[{"href":"https:\/\/testsystem.meisel-webdesign.de\/rs\/wp-json\/wp\/v2\/pages\/3","targetHints":{"allow":["GET"]}}],"collection":[{"href":"https:\/\/testsystem.meisel-webdesign.de\/rs\/wp-json\/wp\/v2\/pages"}],"about":[{"href":"https:\/\/testsystem.meisel-webdesign.de\/rs\/wp-json\/wp\/v2\/types\/page"}],"author":[{"embeddable":true,"href":"https:\/\/testsystem.meisel-webdesign.de\/rs\/wp-json\/wp\/v2\/users\/1"}],"replies":[{"embeddable":true,"href":"https:\/\/testsystem.meisel-webdesign.de\/rs\/wp-json\/wp\/v2\/comments?post=3"}],"version-history":[{"count":2,"href":"https:\/\/testsystem.meisel-webdesign.de\/rs\/wp-json\/wp\/v2\/pages\/3\/revisions"}],"predecessor-version":[{"id":52,"href":"https:\/\/testsystem.meisel-webdesign.de\/rs\/wp-json\/wp\/v2\/pages\/3\/revisions\/52"}],"wp:attachment":[{"href":"https:\/\/testsystem.meisel-webdesign.de\/rs\/wp-json\/wp\/v2\/media?parent=3"}],"curies":[{"name":"wp","href":"https:\/\/api.w.org\/{rel}","templated":true}]}}