{"id":11,"date":"2026-01-22T07:33:59","date_gmt":"2026-01-22T06:33:59","guid":{"rendered":"https:\/\/testsystem.meisel-webdesign.de\/rs\/?page_id=11"},"modified":"2026-03-30T17:26:16","modified_gmt":"2026-03-30T15:26:16","slug":"buero","status":"publish","type":"page","link":"https:\/\/testsystem.meisel-webdesign.de\/rs\/buero\/","title":{"rendered":"B\u00fcro"},"content":{"rendered":"<h3>Was uns interessiert<\/h3>\n<p>Architektur entsteht f\u00fcr uns aus dem Zusammenspiel von Ort, Nutzung, Konstruktion und gesellschaftlichem Wandel. Wir suchen nach L\u00f6sungen, die den urbanen Kontext st\u00e4rken, den Bestand als Ressource begreifen und architektonische Qualit\u00e4t mit \u00f6kologischer und wirtschaftlicher Verantwortung verbinden. Holzbau, Bestandstransformation sowie serielle und modulare Bauweisen verstehen wir dabei als zeitgem\u00e4\u00dfe Werkzeuge f\u00fcr eine klimagerechte Architektur.<\/p>\n<h3>Wie wir arbeiten<\/h3>\n<p>Jedes Projekt beginnt mit einer genauen Analyse von Ort, Aufgabe und Potenzial. Wir verbinden konzeptionelles Denken mit konstruktiver Klarheit und entwickeln daraus pr\u00e4zise, belastbare L\u00f6sungen, die Gestaltung, Nutzung, Material und Umsetzbarkeit von Beginn an zusammenf\u00fchren. Als erfahrene Generalplaner begleiten wir Projekte \u00fcber alle Leistungsphasen hinweg und verf\u00fcgen \u00fcber besondere Erfahrung in der Zusammenarbeit mit Beh\u00f6rden, Kommunen, \u00f6ffentlichen Institutionen und Wohnungsbaugesellschaften.<\/p>\n<h3>Zusammenarbeit und Schwerpunkte<\/h3>\n<p>Rozynski Sturm Architekten wurden 2003 gegr\u00fcndet und sind seit 2013 gemeinsam mit Clarke und Kuhn Teil der CKRS Architektengesellschaft mbH. Die dort entwickelte langj\u00e4hrige Zusammenarbeit bildet bis heute eine wichtige Grundlage unserer Arbeit. Schwerpunkte unserer Arbeit sind nachhaltige Architektur f\u00fcr den urbanen Raum, Holzbau, das Weiterbauen im Bestand sowie serielle und modulare Bauweisen im Wohnungsbau und in Bildungsbauten.<\/p>\n<div class=\"fws-gallery-slider\"><div id=\"fwsCarousel-d141525c-bbf9-4021-828a-867f581dfaa1\" class=\"carousel carousel-dark slide\" data-bs-ride=\"false\" data-bs-interval=\"false\" data-bs-touch=\"true\"><div class=\"carousel-inner\"><div class=\"carousel-item active\"><div class=\"fws-slider-frame\"><img loading=\"lazy\" decoding=\"async\" src=\"https:\/\/testsystem.meisel-webdesign.de\/rs\/wp-content\/uploads\/2026\/03\/5-1024x472.jpg\" class=\"attachment-large size-large is-landscape img-fluid fws-slider-img\" alt=\"\" data-type=\"wpmfgalleryimg\" srcset=\"https:\/\/testsystem.meisel-webdesign.de\/rs\/wp-content\/uploads\/2026\/03\/5-1024x472.jpg 1024w, https:\/\/testsystem.meisel-webdesign.de\/rs\/wp-content\/uploads\/2026\/03\/5-300x138.jpg 300w, https:\/\/testsystem.meisel-webdesign.de\/rs\/wp-content\/uploads\/2026\/03\/5-768x354.jpg 768w, https:\/\/testsystem.meisel-webdesign.de\/rs\/wp-content\/uploads\/2026\/03\/5-1536x708.jpg 1536w, https:\/\/testsystem.meisel-webdesign.de\/rs\/wp-content\/uploads\/2026\/03\/5-2048x944.jpg 2048w\" sizes=\"auto, (max-width: 1024px) 100vw, 1024px\"><\/div><\/div><div class=\"carousel-item\"><div class=\"fws-slider-frame\"><img loading=\"lazy\" decoding=\"async\" src=\"https:\/\/testsystem.meisel-webdesign.de\/rs\/wp-content\/uploads\/2026\/03\/1-1024x472.jpg\" class=\"attachment-large size-large is-landscape img-fluid fws-slider-img\" alt=\"\" data-type=\"wpmfgalleryimg\" srcset=\"https:\/\/testsystem.meisel-webdesign.de\/rs\/wp-content\/uploads\/2026\/03\/1-1024x472.jpg 1024w, https:\/\/testsystem.meisel-webdesign.de\/rs\/wp-content\/uploads\/2026\/03\/1-300x138.jpg 300w, https:\/\/testsystem.meisel-webdesign.de\/rs\/wp-content\/uploads\/2026\/03\/1-768x354.jpg 768w, https:\/\/testsystem.meisel-webdesign.de\/rs\/wp-content\/uploads\/2026\/03\/1-1536x708.jpg 1536w, https:\/\/testsystem.meisel-webdesign.de\/rs\/wp-content\/uploads\/2026\/03\/1-2048x944.jpg 2048w\" sizes=\"auto, (max-width: 1024px) 100vw, 1024px\"><\/div><\/div><div class=\"carousel-item\"><div class=\"fws-slider-frame\"><img loading=\"lazy\" decoding=\"async\" src=\"https:\/\/testsystem.meisel-webdesign.de\/rs\/wp-content\/uploads\/2026\/03\/2-1024x472.jpg\" class=\"attachment-large size-large is-landscape img-fluid fws-slider-img\" alt=\"\" data-type=\"wpmfgalleryimg\" srcset=\"https:\/\/testsystem.meisel-webdesign.de\/rs\/wp-content\/uploads\/2026\/03\/2-1024x472.jpg 1024w, https:\/\/testsystem.meisel-webdesign.de\/rs\/wp-content\/uploads\/2026\/03\/2-300x138.jpg 300w, https:\/\/testsystem.meisel-webdesign.de\/rs\/wp-content\/uploads\/2026\/03\/2-768x354.jpg 768w, https:\/\/testsystem.meisel-webdesign.de\/rs\/wp-content\/uploads\/2026\/03\/2-1536x708.jpg 1536w, https:\/\/testsystem.meisel-webdesign.de\/rs\/wp-content\/uploads\/2026\/03\/2-2048x944.jpg 2048w\" sizes=\"auto, (max-width: 1024px) 100vw, 1024px\"><\/div><\/div><div class=\"carousel-item\"><div class=\"fws-slider-frame\"><img loading=\"lazy\" decoding=\"async\" src=\"https:\/\/testsystem.meisel-webdesign.de\/rs\/wp-content\/uploads\/2026\/03\/3-1024x472.jpg\" class=\"attachment-large size-large is-landscape img-fluid fws-slider-img\" alt=\"\" data-type=\"wpmfgalleryimg\" srcset=\"https:\/\/testsystem.meisel-webdesign.de\/rs\/wp-content\/uploads\/2026\/03\/3-1024x472.jpg 1024w, https:\/\/testsystem.meisel-webdesign.de\/rs\/wp-content\/uploads\/2026\/03\/3-300x138.jpg 300w, https:\/\/testsystem.meisel-webdesign.de\/rs\/wp-content\/uploads\/2026\/03\/3-768x354.jpg 768w, https:\/\/testsystem.meisel-webdesign.de\/rs\/wp-content\/uploads\/2026\/03\/3-1536x708.jpg 1536w, https:\/\/testsystem.meisel-webdesign.de\/rs\/wp-content\/uploads\/2026\/03\/3-2048x944.jpg 2048w\" sizes=\"auto, (max-width: 1024px) 100vw, 1024px\"><\/div><\/div><div class=\"carousel-item\"><div class=\"fws-slider-frame\"><img loading=\"lazy\" decoding=\"async\" src=\"https:\/\/testsystem.meisel-webdesign.de\/rs\/wp-content\/uploads\/2026\/03\/4-1024x472.jpg\" class=\"attachment-large size-large is-landscape img-fluid fws-slider-img\" alt=\"\" data-type=\"wpmfgalleryimg\" srcset=\"https:\/\/testsystem.meisel-webdesign.de\/rs\/wp-content\/uploads\/2026\/03\/4-1024x472.jpg 1024w, https:\/\/testsystem.meisel-webdesign.de\/rs\/wp-content\/uploads\/2026\/03\/4-300x138.jpg 300w, https:\/\/testsystem.meisel-webdesign.de\/rs\/wp-content\/uploads\/2026\/03\/4-768x354.jpg 768w, https:\/\/testsystem.meisel-webdesign.de\/rs\/wp-content\/uploads\/2026\/03\/4-1536x708.jpg 1536w, https:\/\/testsystem.meisel-webdesign.de\/rs\/wp-content\/uploads\/2026\/03\/4-2048x944.jpg 2048w\" sizes=\"auto, (max-width: 1024px) 100vw, 1024px\"><\/div><\/div><div class=\"carousel-item\"><div class=\"fws-slider-frame\"><img loading=\"lazy\" decoding=\"async\" src=\"https:\/\/testsystem.meisel-webdesign.de\/rs\/wp-content\/uploads\/2026\/03\/7-1024x472.jpg\" class=\"attachment-large size-large is-landscape img-fluid fws-slider-img\" alt=\"\" data-type=\"wpmfgalleryimg\" srcset=\"https:\/\/testsystem.meisel-webdesign.de\/rs\/wp-content\/uploads\/2026\/03\/7-1024x472.jpg 1024w, https:\/\/testsystem.meisel-webdesign.de\/rs\/wp-content\/uploads\/2026\/03\/7-300x138.jpg 300w, https:\/\/testsystem.meisel-webdesign.de\/rs\/wp-content\/uploads\/2026\/03\/7-768x354.jpg 768w, https:\/\/testsystem.meisel-webdesign.de\/rs\/wp-content\/uploads\/2026\/03\/7-1536x708.jpg 1536w, https:\/\/testsystem.meisel-webdesign.de\/rs\/wp-content\/uploads\/2026\/03\/7-2048x944.jpg 2048w\" sizes=\"auto, (max-width: 1024px) 100vw, 1024px\"><\/div><\/div><div class=\"carousel-item\"><div class=\"fws-slider-frame\"><img loading=\"lazy\" decoding=\"async\" src=\"https:\/\/testsystem.meisel-webdesign.de\/rs\/wp-content\/uploads\/2026\/03\/6-1024x472.jpg\" class=\"attachment-large size-large is-landscape img-fluid fws-slider-img\" alt=\"\" data-type=\"wpmfgalleryimg\" srcset=\"https:\/\/testsystem.meisel-webdesign.de\/rs\/wp-content\/uploads\/2026\/03\/6-1024x472.jpg 1024w, https:\/\/testsystem.meisel-webdesign.de\/rs\/wp-content\/uploads\/2026\/03\/6-300x138.jpg 300w, https:\/\/testsystem.meisel-webdesign.de\/rs\/wp-content\/uploads\/2026\/03\/6-768x354.jpg 768w, https:\/\/testsystem.meisel-webdesign.de\/rs\/wp-content\/uploads\/2026\/03\/6-1536x708.jpg 1536w, https:\/\/testsystem.meisel-webdesign.de\/rs\/wp-content\/uploads\/2026\/03\/6-2048x944.jpg 2048w\" sizes=\"auto, (max-width: 1024px) 100vw, 1024px\"><\/div><\/div><\/div><button class=\"carousel-control-prev\" type=\"button\" data-bs-target=\"#fwsCarousel-d141525c-bbf9-4021-828a-867f581dfaa1\" data-bs-slide=\"prev\"><span class=\"carousel-control-prev-icon\" aria-hidden=\"true\"><\/span><span class=\"visually-hidden\">Previous<\/span><\/button><button class=\"carousel-control-next\" type=\"button\" data-bs-target=\"#fwsCarousel-d141525c-bbf9-4021-828a-867f581dfaa1\" data-bs-slide=\"next\"><span class=\"carousel-control-next-icon\" aria-hidden=\"true\"><\/span><span class=\"visually-hidden\">Next<\/span><\/button><\/div><\/div>\n","protected":false},"excerpt":{"rendered":"<p>Was uns interessiert Architektur entsteht f\u00fcr uns aus dem Zusammenspiel von Ort, Nutzung, Konstruktion und gesellschaftlichem Wandel. Wir suchen nach L\u00f6sungen, die den urbanen Kontext st\u00e4rken, den Bestand als Ressource begreifen und architektonische Qualit\u00e4t mit \u00f6kologischer und wirtschaftlicher Verantwortung verbinden. Holzbau, Bestandstransformation sowie serielle und modulare Bauweisen verstehen wir dabei als zeitgem\u00e4\u00dfe Werkzeuge f\u00fcr eine [&hellip;]<\/p>\n","protected":false},"author":1,"featured_media":1142,"parent":0,"menu_order":3,"comment_status":"closed","ping_status":"closed","template":"","meta":{"_acf_changed":false,"footnotes":""},"class_list":["post-11","page","type-page","status-publish","has-post-thumbnail","hentry"],"acf":[],"yoast_head":"<!-- This site is optimized with the Yoast SEO plugin v27.3 - https:\/\/yoast.com\/product\/yoast-seo-wordpress\/ -->\n<title>B\u00fcro - Rozynski Sturm Architekten<\/title>\n<meta name=\"description\" content=\"Rozynski Sturm Architekten aus Berlin entwickeln nachhaltige Architektur f\u00fcr Holzbau, Bestand, Wohnungsbau und Bildungsbauten.\" \/>\n<meta name=\"robots\" content=\"index, follow, max-snippet:-1, max-image-preview:large, max-video-preview:-1\" \/>\n<link rel=\"canonical\" href=\"https:\/\/testsystem.meisel-webdesign.de\/rs\/buero\/\" \/>\n<meta property=\"og:locale\" content=\"de_DE\" \/>\n<meta property=\"og:type\" content=\"article\" \/>\n<meta property=\"og:title\" content=\"B\u00fcro - Rozynski Sturm Architekten\" \/>\n<meta property=\"og:description\" content=\"Rozynski Sturm Architekten aus Berlin entwickeln nachhaltige Architektur f\u00fcr Holzbau, Bestand, Wohnungsbau und Bildungsbauten.\" \/>\n<meta property=\"og:url\" content=\"https:\/\/testsystem.meisel-webdesign.de\/rs\/buero\/\" \/>\n<meta property=\"og:site_name\" content=\"Rozynski Sturm Architekten\" \/>\n<meta property=\"article:modified_time\" content=\"2026-03-30T15:26:16+00:00\" \/>\n<meta property=\"og:image\" content=\"https:\/\/testsystem.meisel-webdesign.de\/rs\/wp-content\/uploads\/2026\/03\/20260303_092305-Kopie-scaled.jpg\" \/>\n\t<meta property=\"og:image:width\" content=\"2560\" \/>\n\t<meta property=\"og:image:height\" content=\"1920\" \/>\n\t<meta property=\"og:image:type\" content=\"image\/jpeg\" \/>\n<meta name=\"twitter:card\" content=\"summary_large_image\" \/>\n<meta name=\"twitter:label1\" content=\"Gesch\u00e4tzte Lesezeit\" \/>\n\t<meta name=\"twitter:data1\" content=\"2\u00a0Minuten\" \/>\n<script type=\"application\/ld+json\" class=\"yoast-schema-graph\">{\"@context\":\"https:\\\/\\\/schema.org\",\"@graph\":[{\"@type\":\"WebPage\",\"@id\":\"https:\\\/\\\/testsystem.meisel-webdesign.de\\\/rs\\\/buero\\\/\",\"url\":\"https:\\\/\\\/testsystem.meisel-webdesign.de\\\/rs\\\/buero\\\/\",\"name\":\"B\u00fcro - Rozynski Sturm Architekten\",\"isPartOf\":{\"@id\":\"https:\\\/\\\/testsystem.meisel-webdesign.de\\\/rs\\\/#website\"},\"primaryImageOfPage\":{\"@id\":\"https:\\\/\\\/testsystem.meisel-webdesign.de\\\/rs\\\/buero\\\/#primaryimage\"},\"image\":{\"@id\":\"https:\\\/\\\/testsystem.meisel-webdesign.de\\\/rs\\\/buero\\\/#primaryimage\"},\"thumbnailUrl\":\"https:\\\/\\\/testsystem.meisel-webdesign.de\\\/rs\\\/wp-content\\\/uploads\\\/2026\\\/03\\\/20260303_092305-Kopie-scaled.jpg\",\"datePublished\":\"2026-01-22T06:33:59+00:00\",\"dateModified\":\"2026-03-30T15:26:16+00:00\",\"description\":\"Rozynski Sturm Architekten aus Berlin entwickeln nachhaltige Architektur f\u00fcr Holzbau, Bestand, Wohnungsbau und Bildungsbauten.\",\"breadcrumb\":{\"@id\":\"https:\\\/\\\/testsystem.meisel-webdesign.de\\\/rs\\\/buero\\\/#breadcrumb\"},\"inLanguage\":\"de\",\"potentialAction\":[{\"@type\":\"ReadAction\",\"target\":[\"https:\\\/\\\/testsystem.meisel-webdesign.de\\\/rs\\\/buero\\\/\"]}]},{\"@type\":\"ImageObject\",\"inLanguage\":\"de\",\"@id\":\"https:\\\/\\\/testsystem.meisel-webdesign.de\\\/rs\\\/buero\\\/#primaryimage\",\"url\":\"https:\\\/\\\/testsystem.meisel-webdesign.de\\\/rs\\\/wp-content\\\/uploads\\\/2026\\\/03\\\/20260303_092305-Kopie-scaled.jpg\",\"contentUrl\":\"https:\\\/\\\/testsystem.meisel-webdesign.de\\\/rs\\\/wp-content\\\/uploads\\\/2026\\\/03\\\/20260303_092305-Kopie-scaled.jpg\",\"width\":2560,\"height\":1920},{\"@type\":\"BreadcrumbList\",\"@id\":\"https:\\\/\\\/testsystem.meisel-webdesign.de\\\/rs\\\/buero\\\/#breadcrumb\",\"itemListElement\":[{\"@type\":\"ListItem\",\"position\":1,\"name\":\"Start\",\"item\":\"https:\\\/\\\/testsystem.meisel-webdesign.de\\\/rs\\\/\"},{\"@type\":\"ListItem\",\"position\":2,\"name\":\"B\u00fcro\"}]},{\"@type\":\"WebSite\",\"@id\":\"https:\\\/\\\/testsystem.meisel-webdesign.de\\\/rs\\\/#website\",\"url\":\"https:\\\/\\\/testsystem.meisel-webdesign.de\\\/rs\\\/\",\"name\":\"Rozynski Sturm Architekten\",\"description\":\"\",\"potentialAction\":[{\"@type\":\"SearchAction\",\"target\":{\"@type\":\"EntryPoint\",\"urlTemplate\":\"https:\\\/\\\/testsystem.meisel-webdesign.de\\\/rs\\\/?s={search_term_string}\"},\"query-input\":{\"@type\":\"PropertyValueSpecification\",\"valueRequired\":true,\"valueName\":\"search_term_string\"}}],\"inLanguage\":\"de\"}]}<\/script>\n<!-- \/ Yoast SEO plugin. -->","yoast_head_json":{"title":"B\u00fcro - Rozynski Sturm Architekten","description":"Rozynski Sturm Architekten aus Berlin entwickeln nachhaltige Architektur f\u00fcr Holzbau, Bestand, Wohnungsbau und Bildungsbauten.","robots":{"index":"index","follow":"follow","max-snippet":"max-snippet:-1","max-image-preview":"max-image-preview:large","max-video-preview":"max-video-preview:-1"},"canonical":"https:\/\/testsystem.meisel-webdesign.de\/rs\/buero\/","og_locale":"de_DE","og_type":"article","og_title":"B\u00fcro - Rozynski Sturm Architekten","og_description":"Rozynski Sturm Architekten aus Berlin entwickeln nachhaltige Architektur f\u00fcr Holzbau, Bestand, Wohnungsbau und Bildungsbauten.","og_url":"https:\/\/testsystem.meisel-webdesign.de\/rs\/buero\/","og_site_name":"Rozynski Sturm Architekten","article_modified_time":"2026-03-30T15:26:16+00:00","og_image":[{"width":2560,"height":1920,"url":"https:\/\/testsystem.meisel-webdesign.de\/rs\/wp-content\/uploads\/2026\/03\/20260303_092305-Kopie-scaled.jpg","type":"image\/jpeg"}],"twitter_card":"summary_large_image","twitter_misc":{"Gesch\u00e4tzte Lesezeit":"2\u00a0Minuten"},"schema":{"@context":"https:\/\/schema.org","@graph":[{"@type":"WebPage","@id":"https:\/\/testsystem.meisel-webdesign.de\/rs\/buero\/","url":"https:\/\/testsystem.meisel-webdesign.de\/rs\/buero\/","name":"B\u00fcro - Rozynski Sturm Architekten","isPartOf":{"@id":"https:\/\/testsystem.meisel-webdesign.de\/rs\/#website"},"primaryImageOfPage":{"@id":"https:\/\/testsystem.meisel-webdesign.de\/rs\/buero\/#primaryimage"},"image":{"@id":"https:\/\/testsystem.meisel-webdesign.de\/rs\/buero\/#primaryimage"},"thumbnailUrl":"https:\/\/testsystem.meisel-webdesign.de\/rs\/wp-content\/uploads\/2026\/03\/20260303_092305-Kopie-scaled.jpg","datePublished":"2026-01-22T06:33:59+00:00","dateModified":"2026-03-30T15:26:16+00:00","description":"Rozynski Sturm Architekten aus Berlin entwickeln nachhaltige Architektur f\u00fcr Holzbau, Bestand, Wohnungsbau und Bildungsbauten.","breadcrumb":{"@id":"https:\/\/testsystem.meisel-webdesign.de\/rs\/buero\/#breadcrumb"},"inLanguage":"de","potentialAction":[{"@type":"ReadAction","target":["https:\/\/testsystem.meisel-webdesign.de\/rs\/buero\/"]}]},{"@type":"ImageObject","inLanguage":"de","@id":"https:\/\/testsystem.meisel-webdesign.de\/rs\/buero\/#primaryimage","url":"https:\/\/testsystem.meisel-webdesign.de\/rs\/wp-content\/uploads\/2026\/03\/20260303_092305-Kopie-scaled.jpg","contentUrl":"https:\/\/testsystem.meisel-webdesign.de\/rs\/wp-content\/uploads\/2026\/03\/20260303_092305-Kopie-scaled.jpg","width":2560,"height":1920},{"@type":"BreadcrumbList","@id":"https:\/\/testsystem.meisel-webdesign.de\/rs\/buero\/#breadcrumb","itemListElement":[{"@type":"ListItem","position":1,"name":"Start","item":"https:\/\/testsystem.meisel-webdesign.de\/rs\/"},{"@type":"ListItem","position":2,"name":"B\u00fcro"}]},{"@type":"WebSite","@id":"https:\/\/testsystem.meisel-webdesign.de\/rs\/#website","url":"https:\/\/testsystem.meisel-webdesign.de\/rs\/","name":"Rozynski Sturm Architekten","description":"","potentialAction":[{"@type":"SearchAction","target":{"@type":"EntryPoint","urlTemplate":"https:\/\/testsystem.meisel-webdesign.de\/rs\/?s={search_term_string}"},"query-input":{"@type":"PropertyValueSpecification","valueRequired":true,"valueName":"search_term_string"}}],"inLanguage":"de"}]}},"_links":{"self":[{"href":"https:\/\/testsystem.meisel-webdesign.de\/rs\/wp-json\/wp\/v2\/pages\/11","targetHints":{"allow":["GET"]}}],"collection":[{"href":"https:\/\/testsystem.meisel-webdesign.de\/rs\/wp-json\/wp\/v2\/pages"}],"about":[{"href":"https:\/\/testsystem.meisel-webdesign.de\/rs\/wp-json\/wp\/v2\/types\/page"}],"author":[{"embeddable":true,"href":"https:\/\/testsystem.meisel-webdesign.de\/rs\/wp-json\/wp\/v2\/users\/1"}],"replies":[{"embeddable":true,"href":"https:\/\/testsystem.meisel-webdesign.de\/rs\/wp-json\/wp\/v2\/comments?post=11"}],"version-history":[{"count":11,"href":"https:\/\/testsystem.meisel-webdesign.de\/rs\/wp-json\/wp\/v2\/pages\/11\/revisions"}],"predecessor-version":[{"id":1159,"href":"https:\/\/testsystem.meisel-webdesign.de\/rs\/wp-json\/wp\/v2\/pages\/11\/revisions\/1159"}],"wp:featuredmedia":[{"embeddable":true,"href":"https:\/\/testsystem.meisel-webdesign.de\/rs\/wp-json\/wp\/v2\/media\/1142"}],"wp:attachment":[{"href":"https:\/\/testsystem.meisel-webdesign.de\/rs\/wp-json\/wp\/v2\/media?parent=11"}],"curies":[{"name":"wp","href":"https:\/\/api.w.org\/{rel}","templated":true}]}}