{"id":802,"date":"2022-03-24T11:14:10","date_gmt":"2022-03-24T10:14:10","guid":{"rendered":"https:\/\/testsystem.meisel-webdesign.de\/didae\/?page_id=802"},"modified":"2022-12-01T18:12:30","modified_gmt":"2022-12-01T17:12:30","slug":"tools","status":"publish","type":"page","link":"https:\/\/testsystem.meisel-webdesign.de\/didae\/de\/tools\/","title":{"rendered":"Tools"},"content":{"rendered":"<p>F\u00fcr die Umsetzung einer Idee fehlt manchmal das richtige TOOL. Dabei m\u00fcssen die technischen Anforderungen und andere besonderen Umst\u00e4nde der Schule, der Klasse oder des Kunstunterrichts ber\u00fccksichtigt werden. Werfen Sie einen Blick auf unsere Liste \u2013 vielleicht ist etwas dabei, das Ihren Anforderungen perfekt entspricht.<\/p>\n","protected":false},"excerpt":{"rendered":"<p>F\u00fcr die Umsetzung einer Idee fehlt manchmal das richtige TOOL. Dabei m\u00fcssen die technischen Anforderungen und andere besonderen Umst\u00e4nde der Schule, der Klasse oder des Kunstunterrichts ber\u00fccksichtigt werden. Werfen Sie einen Blick auf unsere Liste \u2013 vielleicht ist etwas dabei, das Ihren Anforderungen perfekt entspricht.<\/p>\n","protected":false},"author":1,"featured_media":0,"parent":0,"menu_order":12,"comment_status":"closed","ping_status":"closed","template":"","meta":{"_acf_changed":false,"footnotes":""},"class_list":["post-802","page","type-page","status-publish","hentry"],"acf":[],"lang":"de","translations":{"de":802,"en":227,"hu":1235,"nl":1237},"pll_sync_post":[],"_links":{"self":[{"href":"https:\/\/testsystem.meisel-webdesign.de\/didae\/wp-json\/wp\/v2\/pages\/802","targetHints":{"allow":["GET"]}}],"collection":[{"href":"https:\/\/testsystem.meisel-webdesign.de\/didae\/wp-json\/wp\/v2\/pages"}],"about":[{"href":"https:\/\/testsystem.meisel-webdesign.de\/didae\/wp-json\/wp\/v2\/types\/page"}],"author":[{"embeddable":true,"href":"https:\/\/testsystem.meisel-webdesign.de\/didae\/wp-json\/wp\/v2\/users\/1"}],"replies":[{"embeddable":true,"href":"https:\/\/testsystem.meisel-webdesign.de\/didae\/wp-json\/wp\/v2\/comments?post=802"}],"version-history":[{"count":4,"href":"https:\/\/testsystem.meisel-webdesign.de\/didae\/wp-json\/wp\/v2\/pages\/802\/revisions"}],"predecessor-version":[{"id":1997,"href":"https:\/\/testsystem.meisel-webdesign.de\/didae\/wp-json\/wp\/v2\/pages\/802\/revisions\/1997"}],"wp:attachment":[{"href":"https:\/\/testsystem.meisel-webdesign.de\/didae\/wp-json\/wp\/v2\/media?parent=802"}],"curies":[{"name":"wp","href":"https:\/\/api.w.org\/{rel}","templated":true}]}}