{"id":2517,"date":"2026-02-04T12:38:03","date_gmt":"2026-02-04T11:38:03","guid":{"rendered":"https:\/\/testsystem.meisel-webdesign.de\/didae\/?page_id=2517"},"modified":"2026-03-04T15:53:04","modified_gmt":"2026-03-04T14:53:04","slug":"news","status":"publish","type":"page","link":"https:\/\/testsystem.meisel-webdesign.de\/didae\/de\/news\/","title":{"rendered":"News"},"content":{"rendered":"<p>Seit dem Ende des Erasmus+ Projekts\u202fim Jahr 2023 wird die Website DIDAE.eu von der Akademie der bildenden K\u00fcnste Wien betreut und von Lehrenden aus dem Fachbereich Kunst und Bildung weiterentwickelt. In Zusammenarbeit mit verschiedenen nationalen und internationalen Teams werden laufend neue TOOLS erg\u00e4nzt und neue IDEAS entwickelt. Je nach Kollaboration stehen daher die Beitr\u00e4ge nicht immer in allen vier Sprachen der Plattform zur Verf\u00fcgung.<\/p>\n","protected":false},"excerpt":{"rendered":"<p>Seit dem Ende des Erasmus+ Projekts\u202fim Jahr 2023 wird die Website DIDAE.eu von der Akademie der bildenden K\u00fcnste Wien betreut und von Lehrenden aus dem Fachbereich Kunst und Bildung weiterentwickelt. In Zusammenarbeit mit verschiedenen nationalen und internationalen Teams werden laufend neue TOOLS erg\u00e4nzt und neue IDEAS entwickelt. Je nach Kollaboration stehen daher die Beitr\u00e4ge nicht [&hellip;]<\/p>\n","protected":false},"author":1,"featured_media":0,"parent":0,"menu_order":18,"comment_status":"closed","ping_status":"closed","template":"","meta":{"_acf_changed":false,"footnotes":""},"class_list":["post-2517","page","type-page","status-publish","hentry"],"acf":[],"lang":"de","translations":{"de":2517,"en":2515,"hu":2519,"nl":2521},"pll_sync_post":[],"_links":{"self":[{"href":"https:\/\/testsystem.meisel-webdesign.de\/didae\/wp-json\/wp\/v2\/pages\/2517","targetHints":{"allow":["GET"]}}],"collection":[{"href":"https:\/\/testsystem.meisel-webdesign.de\/didae\/wp-json\/wp\/v2\/pages"}],"about":[{"href":"https:\/\/testsystem.meisel-webdesign.de\/didae\/wp-json\/wp\/v2\/types\/page"}],"author":[{"embeddable":true,"href":"https:\/\/testsystem.meisel-webdesign.de\/didae\/wp-json\/wp\/v2\/users\/1"}],"replies":[{"embeddable":true,"href":"https:\/\/testsystem.meisel-webdesign.de\/didae\/wp-json\/wp\/v2\/comments?post=2517"}],"version-history":[{"count":5,"href":"https:\/\/testsystem.meisel-webdesign.de\/didae\/wp-json\/wp\/v2\/pages\/2517\/revisions"}],"predecessor-version":[{"id":2587,"href":"https:\/\/testsystem.meisel-webdesign.de\/didae\/wp-json\/wp\/v2\/pages\/2517\/revisions\/2587"}],"wp:attachment":[{"href":"https:\/\/testsystem.meisel-webdesign.de\/didae\/wp-json\/wp\/v2\/media?parent=2517"}],"curies":[{"name":"wp","href":"https:\/\/api.w.org\/{rel}","templated":true}]}}