{"id":133,"date":"2022-01-20T14:39:33","date_gmt":"2022-01-20T13:39:33","guid":{"rendered":"https:\/\/testsystem.meisel-webdesign.de\/didae\/?page_id=133"},"modified":"2022-12-01T18:11:23","modified_gmt":"2022-12-01T17:11:23","slug":"home","status":"publish","type":"page","link":"https:\/\/testsystem.meisel-webdesign.de\/didae\/de\/","title":{"rendered":"Home"},"content":{"rendered":"<p>DIGITAL DIDACTICS IN ART EDUCATION (DIDAE) ist eine Plattform f\u00fcr OER (Open Educational Resources), die einen \u00dcberblick \u00fcber leicht zug\u00e4ngliche digitale TOOLS f\u00fcr das k\u00fcnstlerische Arbeiten, die Kunstvermittlung und die Designvermittlung bietet. Zus\u00e4tzlich werden auf der DIDAE-Plattform eigens entwickelte IDEAS f\u00fcr Ihre Unterrichtspraxis und Ihre Klassenzimmer angeboten, die diese TOOLS einsetzen. Diese Website versammelt die Ergebnisse des Erasmus+ Projekts DIDAE, eines zweij\u00e4hrigen gemeinsamen Forschungsprojekts von f\u00fcnf europ\u00e4ischen Universit\u00e4ten.<\/p>\n","protected":false},"excerpt":{"rendered":"<p>DIGITAL DIDACTICS IN ART EDUCATION (DIDAE) ist eine Plattform f\u00fcr OER (Open Educational Resources), die einen \u00dcberblick \u00fcber leicht zug\u00e4ngliche digitale TOOLS f\u00fcr das k\u00fcnstlerische Arbeiten, die Kunstvermittlung und die Designvermittlung bietet. Zus\u00e4tzlich werden auf der DIDAE-Plattform eigens entwickelte IDEAS f\u00fcr Ihre Unterrichtspraxis und Ihre Klassenzimmer angeboten, die diese TOOLS einsetzen. Diese Website versammelt die [&hellip;]<\/p>\n","protected":false},"author":1,"featured_media":0,"parent":0,"menu_order":4,"comment_status":"closed","ping_status":"closed","template":"","meta":{"_acf_changed":false,"footnotes":""},"class_list":["post-133","page","type-page","status-publish","hentry"],"acf":[],"lang":"de","translations":{"de":133,"en":6,"nl":1217,"hu":1219},"pll_sync_post":[],"_links":{"self":[{"href":"https:\/\/testsystem.meisel-webdesign.de\/didae\/wp-json\/wp\/v2\/pages\/133","targetHints":{"allow":["GET"]}}],"collection":[{"href":"https:\/\/testsystem.meisel-webdesign.de\/didae\/wp-json\/wp\/v2\/pages"}],"about":[{"href":"https:\/\/testsystem.meisel-webdesign.de\/didae\/wp-json\/wp\/v2\/types\/page"}],"author":[{"embeddable":true,"href":"https:\/\/testsystem.meisel-webdesign.de\/didae\/wp-json\/wp\/v2\/users\/1"}],"replies":[{"embeddable":true,"href":"https:\/\/testsystem.meisel-webdesign.de\/didae\/wp-json\/wp\/v2\/comments?post=133"}],"version-history":[{"count":2,"href":"https:\/\/testsystem.meisel-webdesign.de\/didae\/wp-json\/wp\/v2\/pages\/133\/revisions"}],"predecessor-version":[{"id":1995,"href":"https:\/\/testsystem.meisel-webdesign.de\/didae\/wp-json\/wp\/v2\/pages\/133\/revisions\/1995"}],"wp:attachment":[{"href":"https:\/\/testsystem.meisel-webdesign.de\/didae\/wp-json\/wp\/v2\/media?parent=133"}],"curies":[{"name":"wp","href":"https:\/\/api.w.org\/{rel}","templated":true}]}}