{"id":1219,"date":"2022-09-29T15:14:50","date_gmt":"2022-09-29T13:14:50","guid":{"rendered":"https:\/\/testsystem.meisel-webdesign.de\/didae\/?page_id=1219"},"modified":"2022-10-21T16:51:00","modified_gmt":"2022-10-21T14:51:00","slug":"home","status":"publish","type":"page","link":"https:\/\/testsystem.meisel-webdesign.de\/didae\/hu\/","title":{"rendered":"Home"},"content":{"rendered":"<p>A <em>Digit\u00e1lis m\u00f3dszerek a m\u0171v\u00e9szeti oktat\u00e1sban<\/em> (Digital Didactics in Art Education, DIDAE) egy ny\u00edlt oktat\u00e1si forr\u00e1s (Open Educational Resources, OER), ami k\u00fcl\u00f6nb\u00f6z\u0151 digit\u00e1lis eszk\u00f6z\u00f6ket \u00e9s \u00fajonnan fejlesztett oktat\u00e1si gyakorlatokat biztos\u00edt m\u0171v\u00e9szeti \u00e9s design oktat\u00e1shoz. Ez az oldal egy 2 \u00e9ven \u00e1t zajl\u00f3 Erasmus+ projekt kutat\u00e1si eredm\u00e9nyeit \u00f6sszes\u00edti, amiben 5 eur\u00f3pai egyetem vett r\u00e9szt.<\/p>\n","protected":false},"excerpt":{"rendered":"<p>A Digit\u00e1lis m\u00f3dszerek a m\u0171v\u00e9szeti oktat\u00e1sban (Digital Didactics in Art Education, DIDAE) egy ny\u00edlt oktat\u00e1si forr\u00e1s (Open Educational Resources, OER), ami k\u00fcl\u00f6nb\u00f6z\u0151 digit\u00e1lis eszk\u00f6z\u00f6ket \u00e9s \u00fajonnan fejlesztett oktat\u00e1si gyakorlatokat biztos\u00edt m\u0171v\u00e9szeti \u00e9s design oktat\u00e1shoz. Ez az oldal egy 2 \u00e9ven \u00e1t zajl\u00f3 Erasmus+ projekt kutat\u00e1si eredm\u00e9nyeit \u00f6sszes\u00edti, amiben 5 eur\u00f3pai egyetem vett r\u00e9szt.<\/p>\n","protected":false},"author":3,"featured_media":0,"parent":0,"menu_order":2,"comment_status":"closed","ping_status":"closed","template":"","meta":{"_acf_changed":false,"footnotes":""},"class_list":["post-1219","page","type-page","status-publish","hentry"],"acf":[],"lang":"hu","translations":{"hu":1219,"en":6,"de":133,"nl":1217},"pll_sync_post":[],"_links":{"self":[{"href":"https:\/\/testsystem.meisel-webdesign.de\/didae\/wp-json\/wp\/v2\/pages\/1219","targetHints":{"allow":["GET"]}}],"collection":[{"href":"https:\/\/testsystem.meisel-webdesign.de\/didae\/wp-json\/wp\/v2\/pages"}],"about":[{"href":"https:\/\/testsystem.meisel-webdesign.de\/didae\/wp-json\/wp\/v2\/types\/page"}],"author":[{"embeddable":true,"href":"https:\/\/testsystem.meisel-webdesign.de\/didae\/wp-json\/wp\/v2\/users\/3"}],"replies":[{"embeddable":true,"href":"https:\/\/testsystem.meisel-webdesign.de\/didae\/wp-json\/wp\/v2\/comments?post=1219"}],"version-history":[{"count":3,"href":"https:\/\/testsystem.meisel-webdesign.de\/didae\/wp-json\/wp\/v2\/pages\/1219\/revisions"}],"predecessor-version":[{"id":1903,"href":"https:\/\/testsystem.meisel-webdesign.de\/didae\/wp-json\/wp\/v2\/pages\/1219\/revisions\/1903"}],"wp:attachment":[{"href":"https:\/\/testsystem.meisel-webdesign.de\/didae\/wp-json\/wp\/v2\/media?parent=1219"}],"curies":[{"name":"wp","href":"https:\/\/api.w.org\/{rel}","templated":true}]}}