{"id":79,"date":"2021-03-02T12:07:26","date_gmt":"2021-03-02T11:07:26","guid":{"rendered":"http:\/\/testsystem.meisel-webdesign.de\/Athleten\/?page_id=79"},"modified":"2023-07-03T15:46:33","modified_gmt":"2023-07-03T13:46:33","slug":"impressum","status":"publish","type":"page","link":"https:\/\/testsystem.meisel-webdesign.de\/athleten-sandbox\/impressum\/","title":{"rendered":"Impressum"},"content":{"rendered":"<h2>Diensteanbieter<\/h2>\n<p>Athleten Deutschland e.V.<br \/>\nJohannes Herber (Gesch\u00e4ftsf\u00fchrer)<br \/>\nFriedbergstra\u00dfe 19<br \/>\n14057 Berlin<\/p>\n<p>T +49 (0) 30 \/ 8145788-00<br \/>\nF +49 (0) 30 \/ 8145788-01<\/p>\n<p><a href=\"mailto:info@athleten-deutschland.org\">info@athleten-deutschland.org<\/a><\/p>\n<h2>Vertretungsberechtigte<\/h2>\n<p>Athleten Deutschland e.V. wird gerichtlich und au\u00dfergerichtlich vertreten durch die Pr\u00e4sidentin, Karla Borger und den Vizeprasidenten, Tobias Preu\u00df (Vertretungsvorstand im Sinne des \u00a7 26 BGB).<\/p>\n<h2>Journalistisch-redaktionelle Angebote<\/h2>\n<p>V.i.S.d.P. Johannes Herber (Gesch\u00e4ftsf\u00fchrer)<\/p>\n<h2>Register und Registernummer<\/h2>\n<p data-pm-slice=\"1 1 []\">Vereinsregister<br \/>\nAmtsgericht Berlin-Charlottenburg<br \/>\nVR 39016 B<\/p>\n<p>Steuer-Nr.: 27\/616\/51026<\/p>\n<p>Finanzamt f\u00fcr K\u00f6rperschaften I<\/p>\n<h2>Website<\/h2>\n<p>Design und Entwicklung: <a href=\"http:\/\/dawallu.de\/\">B\u00fcro Dawallu<\/a> &amp; <a href=\"http:\/\/meisel-webdesign.de\/\">Meisel Webdesign<\/a><\/p>\n<h2>Bildquellen<\/h2>\n<p><strong>Startseite<br \/>\n<\/strong>Deborah Levi: picture alliance \/ SvenSimon | Elmar Kremser\/SVEN SIMON<br \/>\nNiko Kappel: picture alliance\/dpa | Tom Weller<br \/>\nJohannes Vetter: picture alliance \/ Michael Kappeler\/dpa | Michael Kappeler<br \/>\nAnna Limbach: picture alliance \/ Eibner-Pressefoto | Kohring \/Eibner-Pressefoto<br \/>\nLukas Dauser und Andy Toba: picture alliance \/ GES\/Edith Geuppert | Edith Geuppert<br \/>\nDajana Eitberger: picture alliance \/ Eibner-Pressefoto | Kohring \/Eibner-Pressefoto<br \/>\nEdina M\u00fcller: picture alliance\/dpa | Christian Charisius<br \/>\nCarla Str\u00fcbing: picture alliance \/ Eibner-Pressefoto | EIBNER\/Sascha Walther<br \/>\nNadine Apetz: picture alliance \/ Geisler-Fotopress | Christoph Hardt\/Geisler-Fotopress<br \/>\nKarla Borger &amp; Julia Sude: picture alliance \/ Beautiful Sports | Tom Bloch<br \/>\nMartin H\u00e4ner: picture alliance\/dpa | Andreas Gora<\/p>\n<p><strong>Unterseiten:<\/strong><\/p>\n<p><em>\u00dcber uns<br \/>\n<\/em>Portraits Gesch\u00e4ftsstelle:<br \/>\nKarla Borger: FIVB<\/p>\n<p>Portraits Gesch\u00e4ftsstelle<br \/>\nJohannes Herber: Philipp D\u00fcmcke<br \/>\nSascha Leutloff: Philipp D\u00fcmcke<br \/>\nJosefine B\u00fcrgel: Philipp D\u00fcmcke<\/p>\n<p><em>\u00dcber uns\/Kontakt:<\/em><br \/>\nHeader: dpa picture alliance und Phillipp D\u00fcmcke<\/p>\n<p><em>Unterst\u00fctzen<br \/>\n<\/em>Header: picture alliance \/ GES\/Edith Geuppert | Edith Geuppert<\/p>\n<p><em>Mitgliedschaft<br \/>\n<\/em>Header: picture alliance \/ Eibner-Pressefoto | Kohring \/Eibner-Pressefoto<em><br \/>\n<\/em><\/p>\n<p><i>Presse<br \/>\n<\/i>Header: Matt Chesin, Unsplash<\/p>\n<p><em>Stimme:<br \/>\n<\/em>Header: picture alliance \/ Eibner-Pressefoto | Eibner Pressefoto\/Michael Memmler<\/p>\n<p><em>Schutz:<br \/>\n<\/em>Header: picture alliance\/dpa | Marius Becker<\/p>\n<p><em>Perspektive:<br \/>\n<\/em>Header: picture alliance \/ sampics \/ Stefan Matzke | sampics<\/p>\n<p><em>Toolbox:<br \/>\n<\/em>Header: picture alliance \/ dpa | Daniel Karmann<\/p>\n<p><em>Steuerberatung:<br \/>\n<\/em>Header:\u00a0picture alliance \/ Beautiful Sports | Tom Bloch<\/p>\n<p><em>Legal Council:<br \/>\n<\/em>Header: picture alliance \/ dpa | Soeren Stache<\/p>\n<p><em>Aktuelles<\/em><br \/>\nAngaben bei der jeweiligen Meldung<\/p>\n","protected":false},"excerpt":{"rendered":"<p>Diensteanbieter Athleten Deutschland e.V. Johannes Herber (Gesch\u00e4ftsf\u00fchrer) Friedbergstra\u00dfe 19 14057 Berlin T +49 (0) 30 \/ 8145788-00 F +49 (0) 30 \/ 8145788-01 info@athleten-deutschland.org Vertretungsberechtigte Athleten Deutschland e.V. wird gerichtlich und au\u00dfergerichtlich vertreten durch die Pr\u00e4sidentin, Karla Borger und den Vizeprasidenten, Tobias Preu\u00df (Vertretungsvorstand im Sinne des \u00a7 26 BGB). Journalistisch-redaktionelle Angebote V.i.S.d.P. Johannes Herber [&hellip;]<\/p>\n","protected":false},"author":1,"featured_media":0,"parent":0,"menu_order":27,"comment_status":"closed","ping_status":"closed","template":"","meta":{"_acf_changed":false,"footnotes":""},"faq_kategorie":[],"class_list":["post-79","page","type-page","status-publish","hentry"],"acf":[],"_links":{"self":[{"href":"https:\/\/testsystem.meisel-webdesign.de\/athleten-sandbox\/wp-json\/wp\/v2\/pages\/79"}],"collection":[{"href":"https:\/\/testsystem.meisel-webdesign.de\/athleten-sandbox\/wp-json\/wp\/v2\/pages"}],"about":[{"href":"https:\/\/testsystem.meisel-webdesign.de\/athleten-sandbox\/wp-json\/wp\/v2\/types\/page"}],"author":[{"embeddable":true,"href":"https:\/\/testsystem.meisel-webdesign.de\/athleten-sandbox\/wp-json\/wp\/v2\/users\/1"}],"replies":[{"embeddable":true,"href":"https:\/\/testsystem.meisel-webdesign.de\/athleten-sandbox\/wp-json\/wp\/v2\/comments?post=79"}],"version-history":[{"count":11,"href":"https:\/\/testsystem.meisel-webdesign.de\/athleten-sandbox\/wp-json\/wp\/v2\/pages\/79\/revisions"}],"predecessor-version":[{"id":4480,"href":"https:\/\/testsystem.meisel-webdesign.de\/athleten-sandbox\/wp-json\/wp\/v2\/pages\/79\/revisions\/4480"}],"wp:attachment":[{"href":"https:\/\/testsystem.meisel-webdesign.de\/athleten-sandbox\/wp-json\/wp\/v2\/media?parent=79"}],"wp:term":[{"taxonomy":"faq_kategorie","embeddable":true,"href":"https:\/\/testsystem.meisel-webdesign.de\/athleten-sandbox\/wp-json\/wp\/v2\/faq_kategorie?post=79"}],"curies":[{"name":"wp","href":"https:\/\/api.w.org\/{rel}","templated":true}]}}